{"id":32447,"date":"2023-02-03T13:05:26","date_gmt":"2023-02-03T12:05:26","guid":{"rendered":"https:\/\/sz.alpsware.dev\/product\/schloss-triestewitz\/"},"modified":"2023-02-03T13:05:26","modified_gmt":"2023-02-03T12:05:26","slug":"schloss-triestewitz","status":"publish","type":"product","link":"https:\/\/historicrooms.com\/de\/produkt\/schloss-triestewitz\/","title":{"rendered":"Schloss Triestewitz"},"content":{"rendered":"<h1>Gem\u00fctlichkeit und Erholung im Wohnschloss<\/h1>\n<p>In <strong>sechs gro\u00dfz\u00fcgigen Appartements<\/strong> empfangen die Eigent\u00fcmer Alleinreisende, Paare und Familien. Gerne werden mit Beistellbetten die R\u00e4umlichkeiten den Anspr\u00fcchen angepasst. Ob Einzelzimmer, Doppelzimmer oder Ferienwohnung: Im Schloss Triestewitz \u00a0werden Sie sich wie zuhause f\u00fchlen.<\/p>\n<p>In der voll ausgestatteten K\u00fcchenzeile k\u00f6nnen Sie sich komfortabel Kaffee, Tee oder kleine Speisen bereiten. Das private Bad mit WC und Dusche oder WC und Wanne bietet Entspannungsmomente.<\/p>\n<p>&nbsp;<\/p>\n<p><b>Ihr Start in den Tag<\/b><\/p>\n<p>Genie\u00dfen Sie kulinarische Genussmomente in Ihrem Urlaub. Gerne bereiten wir Ihnen nach einer erholsamen Nacht ein reichhaltiges Fr\u00fchst\u00fcck.<\/p>\n<p>Im Urlaub sind Gro\u00df und Klein gerne aktiv. Rund um unser Schloss erwartet Sie und Ihre Familien ein abwechslungsreiches Angebot von Freizeitangeboten. Wir empfehlen folgende Abenteuer:<\/p>\n<ul>\n<li>Urlaub mit dem Pferd im Reitverein Adelwitz<\/li>\n<li>Kegeln in Triestewitz<\/li>\n<li>Angeln an der &#8220;Alten Elbe&#8221; (der Angelverein vergibt G\u00e4stekarten)<\/li>\n<li>Tennis in Beilrode<\/li>\n<li>Sommerrodeln in Torgau<\/li>\n<li>Erkungung Landschafts- und Naturschutzgebiet \u201cAlte Elbe\u201d<\/li>\n<li>Radtouren durch die Region<\/li>\n<\/ul>\n<p><strong>Check in:<\/strong><\/p>\n<p>Anreise ab 14:00 Uhr<\/p>\n<p>Abreise bis 11:00 Uhr<\/p>\n<p>&nbsp;<\/p>\n<p><strong>Entfernungen:<\/strong><\/p>\n<p>Flughafen Leipzig: 62 km<\/p>\n<p>Bahnhof Torgau: 11 km<\/p>\n<p>Bus Triestewitz: 500 m<\/p>\n<p>Einkaufsm\u00f6glichkeiten\/Restaurant: Werdau, Beilrode, Torgau: 5-11 km<\/p>\n<p>&nbsp;<\/p>","protected":false},"excerpt":{"rendered":"<p>Gem\u00fctlichkeit und Erholung im Wohnschloss In sechs gro\u00dfz\u00fcgigen Appartements empfangen die Eigent\u00fcmer Alleinreisende, Paare und Familien. Gerne werden mit Beistellbetten die R\u00e4umlichkeiten den Anspr\u00fcchen angepasst. Ob Einzelzimmer, Doppelzimmer oder Ferienwohnung: Im Schloss Triestewitz \u00a0werden Sie sich wie zuhause f\u00fchlen. In der voll ausgestatteten K\u00fcchenzeile k\u00f6nnen Sie sich komfortabel Kaffee, Tee oder kleine Speisen bereiten. Das [&hellip;]<\/p>\n","protected":false},"featured_media":0,"comment_status":"open","ping_status":"closed","template":"","meta":[],"product_brand":[],"product_cat":[22],"product_tag":[],"class_list":{"0":"post-32447","1":"product","2":"type-product","3":"status-publish","5":"product_cat-listeo-booking","7":"first","8":"instock","9":"virtual","10":"sold-individually","11":"taxable","12":"purchasable","13":"product-type-listing_booking"},"_links":{"self":[{"href":"https:\/\/historicrooms.com\/de\/wp-json\/wp\/v2\/product\/32447","targetHints":{"allow":["GET"]}}],"collection":[{"href":"https:\/\/historicrooms.com\/de\/wp-json\/wp\/v2\/product"}],"about":[{"href":"https:\/\/historicrooms.com\/de\/wp-json\/wp\/v2\/types\/product"}],"replies":[{"embeddable":true,"href":"https:\/\/historicrooms.com\/de\/wp-json\/wp\/v2\/comments?post=32447"}],"wp:attachment":[{"href":"https:\/\/historicrooms.com\/de\/wp-json\/wp\/v2\/media?parent=32447"}],"wp:term":[{"taxonomy":"product_brand","embeddable":true,"href":"https:\/\/historicrooms.com\/de\/wp-json\/wp\/v2\/product_brand?post=32447"},{"taxonomy":"product_cat","embeddable":true,"href":"https:\/\/historicrooms.com\/de\/wp-json\/wp\/v2\/product_cat?post=32447"},{"taxonomy":"product_tag","embeddable":true,"href":"https:\/\/historicrooms.com\/de\/wp-json\/wp\/v2\/product_tag?post=32447"}],"curies":[{"name":"wp","href":"https:\/\/api.w.org\/{rel}","templated":true}]}}