{"id":20966,"date":"2022-07-18T14:07:53","date_gmt":"2022-07-18T13:07:53","guid":{"rendered":"https:\/\/sz.alpsware.dev\/product\/en-passent-manfred-bockelmann\/"},"modified":"2022-07-18T14:07:53","modified_gmt":"2022-07-18T13:07:53","slug":"en-passent-manfred-bockelmann","status":"publish","type":"product","link":"https:\/\/historicrooms.com\/de\/produkt\/en-passent-manfred-bockelmann\/","title":{"rendered":"EN PASSENT, Manfred Bockelmann"},"content":{"rendered":"<h2>Ausstellung Manfred Bockelmann: EN PASSANT<\/h2>\n<h3>Schloss Rosegg 2022<\/h3>\n<p>Manfred Bockelmann, seit Jahrzehnten eine nicht wegzudenkende Institution in Kunst und Kultur des deutschsprachigen Raumes, nahm den Dialog mit dem anmutigen Schloss Rosegg und seinen Besucherinnen und Besuchern auf \u2013 und gleichzeitig mit seinen imposanten Kunstobjekten das Schloss sprichw\u00f6rtlich \u201ein seinen Besitz\u201c. 25 Jahre nach der ersten Ausstellung des K\u00fcnstlers im Schloss Rosegg und im 250. Jahr des 1772 erbauten Schlosses sind seine dominanten, zarten, kr\u00e4ftigen, zerbrechlichen \u00fcberdimensionalen Bl\u00e4tter eine klare Aussage \u00fcber das Sch\u00f6ne am Leben und in der Natur. Obwohl Bockelmann sich hier eindeutig mit der Verg\u00e4nglichkeit besch\u00e4ftigt, dem \u201eSterben der Bl\u00e4tter\u201c, hinterl\u00e4sst er eine quasi ewige Spur der Freude am Leben. Im Vorbeigehen \u2013 en passant \u2013 sind ihm diese riesigen Kleinigkeiten unserer unmittelbaren Umwelt aufgefallen. Die Reise beginnt in der Zukunft, in kr\u00e4ftigen Farben, im Traum, \u00fcber die Gegenwart \u2013 all dies in den S\u00e4len des Schlosses \u2013 zur\u00fcck in den ureigenen Lebensweg des K\u00fcnstlers, das versteckte Herzst\u00fcck der Ausstellung, das sich im Keller des Schlosses nur in Privatf\u00fchrungen zug\u00e4nglich zeigt. Manfred Bockelmann, der Maler der Stille, hat eine starke, wahrnehmbare Stimme, die er unaufh\u00f6rlich auch gegen das Vergessen erhebt. Ihm zuzuh\u00f6ren und sich von ihm hinterfragen zu lassen ist Wohltat und Reinigung der Seele.<\/p>\n<p>Stefan Liechtenstein, Schlossherr<\/p>\n<p>Rosegg im Juli 2022<\/p>\n<p>&nbsp;<\/p>\n<p>@Foto: Neum\u00fcller &amp; Schloss Rosegg<\/p>","protected":false},"excerpt":{"rendered":"<p>Ausstellung Manfred Bockelmann: EN PASSANT Schloss Rosegg 2022 Manfred Bockelmann, seit Jahrzehnten eine nicht wegzudenkende Institution in Kunst und Kultur des deutschsprachigen Raumes, nahm den Dialog mit dem anmutigen Schloss Rosegg und seinen Besucherinnen und Besuchern auf \u2013 und gleichzeitig mit seinen imposanten Kunstobjekten das Schloss sprichw\u00f6rtlich \u201ein seinen Besitz\u201c. 25 Jahre nach der ersten [&hellip;]<\/p>\n","protected":false},"featured_media":0,"comment_status":"open","ping_status":"closed","template":"","meta":[],"product_brand":[],"product_cat":[],"product_tag":[],"class_list":{"0":"post-20966","1":"product","2":"type-product","3":"status-publish","6":"first","7":"instock","8":"taxable","9":"shipping-taxable","10":"product-type-simple"},"_links":{"self":[{"href":"https:\/\/historicrooms.com\/de\/wp-json\/wp\/v2\/product\/20966","targetHints":{"allow":["GET"]}}],"collection":[{"href":"https:\/\/historicrooms.com\/de\/wp-json\/wp\/v2\/product"}],"about":[{"href":"https:\/\/historicrooms.com\/de\/wp-json\/wp\/v2\/types\/product"}],"replies":[{"embeddable":true,"href":"https:\/\/historicrooms.com\/de\/wp-json\/wp\/v2\/comments?post=20966"}],"wp:attachment":[{"href":"https:\/\/historicrooms.com\/de\/wp-json\/wp\/v2\/media?parent=20966"}],"wp:term":[{"taxonomy":"product_brand","embeddable":true,"href":"https:\/\/historicrooms.com\/de\/wp-json\/wp\/v2\/product_brand?post=20966"},{"taxonomy":"product_cat","embeddable":true,"href":"https:\/\/historicrooms.com\/de\/wp-json\/wp\/v2\/product_cat?post=20966"},{"taxonomy":"product_tag","embeddable":true,"href":"https:\/\/historicrooms.com\/de\/wp-json\/wp\/v2\/product_tag?post=20966"}],"curies":[{"name":"wp","href":"https:\/\/api.w.org\/{rel}","templated":true}]}}