{"id":1986,"date":"2021-11-05T09:16:48","date_gmt":"2021-11-05T08:16:48","guid":{"rendered":"https:\/\/sz.alpsware.dev\/product\/gutshof-schloss-sonnegg\/"},"modified":"2021-11-05T09:16:48","modified_gmt":"2021-11-05T08:16:48","slug":"gutshof-schloss-sonnegg","status":"publish","type":"product","link":"https:\/\/historicrooms.com\/de\/produkt\/gutshof-schloss-sonnegg\/","title":{"rendered":"Gutshof Sonnegg"},"content":{"rendered":"<h1 align=\"left\">Im Einklang mit der Natur<\/h1>\n<p align=\"left\"><span style=\"font-family: Avenir Next\"><span style=\"font-size: medium\"><span style=\"color: #000000\">Das Gut Sonnegg, seit \u00fcber 300 Jahren im Besitz der Familie Orsini-Rosenberg, liegt malerisch am Fu\u00dfe der Karawanken auf 550m Seeh\u00f6he, eingebettet zwischen S\u00fcdk\u00e4rntner Seen. Der nachhaltig gef\u00fchrte Betrieb umfasst Vermietung neu renovierter Ferienwohnungen, Forstwirtschaft, Fischerei und Jagd.\u00a0<\/span><\/span><\/span><span style=\"font-family: Avenir Next\">Rund um das Gut liegen 120 ha Wald- und Wiesenfl\u00e4chen und im weitl\u00e4ufigen Garten findet jeder Feriengast seinen Platz f\u00fcr Ruhe und Erholung. Inmitten einer Streuobstwiese mit alten Obstsorten liegt idyllisch der Tennisplatz (Sand) und zur Abk\u00fchlung steht den G\u00e4sten auch ein Pool zur Verf\u00fcgung.<\/span><\/p>\n<p><span style=\"font-family: Avenir Next\">Die kleine Kapelle steht f\u00fcr besinnliche Meditationen, aber auch f\u00fcr kleine Familienfeiern wie Taufen offen.<\/span><\/p>\n<h3 align=\"left\">Ferienwohnungen \u2013 Idylle pur<\/h3>\n<p><span style=\"color: #000000\"><span style=\"font-family: Avenir Next\">In den drei neu renovierten Ferienwohnungen f\u00fcr je maximal vier Personen erwartet den Gast Erholung in einzigartiger Landschaft und Atmosph\u00e4re. Die Gegend bietet zahllose M\u00f6glichkeiten f\u00fcr ein abwechslungsreiches Programm zu jeder Jahreszeit. Ein ausgedehntes Netz von Rad- und Wanderwegen, die nahegelegenen Seen aber auch die vielen kulturhistorisch interessanten Orte, machen das Gut Sonnegg zu einem idealen Ausgangsort f\u00fcr einen unvergesslichen Urlaub. Oder Sie entspannen sich nur am hauseigenen Pool und genie\u00dfen die Ruhe und Atmosph\u00e4re des Gutshofensembles. Vom gro\u00dfen Balkon der Ferienwohnungen \u2013 mit gem\u00fctlichem Essplatz \u2013 haben Sie einen traumhaften Blick \u00fcber den weitl\u00e4ufigen Garten bis zu den Karawanken. F\u00fcr Kinder gibt es ein gro\u00dfes Trampolin, Schaukel und Rutsche und eine Sandkiste unter B\u00e4umen. <\/span><\/span><\/p>\n<h3 class=\"western\" align=\"left\">Fischerei \u2013 Vielfalt aus der Drau<\/h3>\n<p><span style=\"color: #000000\"><span style=\"font-family: Avenir Next\">Das Gemeinschaftsrevier mit dem Stift St. Paul erstreckt sich auf acht Kilometer rechtsufrig der Drau im V\u00f6lkermarkter Stausee. Gefischt werden Karpfen, Hechte, Welse, Zander und Friedfische sowie Flusskrebse. Gerne k\u00f6nnen Sie bei uns Fischerkarten erwerben.<\/span><\/span><\/p>\n<h4 class=\"western\"><strong><span style=\"color: #000000\"><span style=\"font-family: Avenir Next\"><span style=\"font-size: medium\">Aktivit\u00e4ten in der Umgebung:<\/span><\/span><\/span><\/strong><\/h4>\n<p class=\"western\"><span style=\"color: #000000\"><span style=\"font-family: Avenir Next\">Im Jauntal k\u00f6nnen viele Sportarten ausge\u00fcbt werden: Skifahren, Langlaufen und Mountain Biken auf der Petzen, Schwimmen in den nahegelegenen Seen, Radfahren entlang des Drau-Radwegs, Paddeln, Wandern im Geopark Karawanken und vieles mehr \u2026<\/span><\/span><\/p>\n<p><span style=\"color: #000000\"><span style=\"font-family: Avenir Next\">F\u00fcr Kulturinteressierte: Museum Liaunig, Werner Berg Museum, der Hemmaberg mir fr\u00fchchristlichen Ausgrabungen, die Wehrkirchen, Ebendorfer Sommertheater, Theater auf der Heunburg u.v.m.<\/span><\/span><\/p>\n<h4 class=\"western\"><strong><span style=\"color: #000000\"><span style=\"font-family: Avenir Next\"><span style=\"font-size: medium\">Entfernungen:<\/span><\/span><\/span><\/strong><\/h4>\n<ul>\n<li>\n<p class=\"western\"><span style=\"font-family: Avenir Next\"><span style=\"font-size: medium\"><span style=\"color: #000000\">Einkaufsm\u00f6glichkeiten: 5 km, in Eberndorf<\/span><\/span><\/span><\/p>\n<\/li>\n<li>\n<p class=\"western\"><span style=\"font-family: Avenir Next\"><span style=\"font-size: medium\"><span style=\"color: #000000\">Bus: 400m, in Sonnegg<\/span><\/span><\/span><\/p>\n<\/li>\n<li>\n<p class=\"western\"><span style=\"font-family: Avenir Next\"><span style=\"font-size: medium\"><span style=\"color: #000000\">Bahnhof K\u00fchnsdorf: 7km<\/span><\/span><\/span><\/p>\n<\/li>\n<li>\n<p class=\"western\"><span style=\"font-family: Avenir Next\"><span style=\"font-size: medium\"><span style=\"color: #000000\">Flughafen Klagenfurt: 35 km<\/span><\/span><\/span><\/p>\n<\/li>\n<\/ul>\n<p align=\"left\"><span style=\"color: #000000\"><span style=\"font-family: Avenir Next\"><span style=\"font-size: medium\"><strong>Preis:<\/strong> Appartment\/Nacht\/f\u00fcr 4 Personen ab \u20ac 125,-<\/span><\/span><\/span><\/p>\n<p align=\"left\">Fotos by Caroline Al Khafaji<\/p>","protected":false},"excerpt":{"rendered":"<p>Im Einklang mit der Natur Das Gut Sonnegg, seit \u00fcber 300 Jahren im Besitz der Familie Orsini-Rosenberg, liegt malerisch am Fu\u00dfe der Karawanken auf 550m Seeh\u00f6he, eingebettet zwischen S\u00fcdk\u00e4rntner Seen. Der nachhaltig gef\u00fchrte Betrieb umfasst Vermietung neu renovierter Ferienwohnungen, Forstwirtschaft, Fischerei und Jagd.\u00a0Rund um das Gut liegen 120 ha Wald- und Wiesenfl\u00e4chen und im weitl\u00e4ufigen [&hellip;]<\/p>\n","protected":false},"featured_media":0,"comment_status":"open","ping_status":"closed","template":"","meta":[],"product_brand":[],"product_cat":[22],"product_tag":[],"class_list":{"0":"post-1986","1":"product","2":"type-product","3":"status-publish","5":"product_cat-listeo-booking","7":"first","8":"instock","9":"virtual","10":"sold-individually","11":"taxable","12":"purchasable","13":"product-type-listing_booking"},"_links":{"self":[{"href":"https:\/\/historicrooms.com\/de\/wp-json\/wp\/v2\/product\/1986","targetHints":{"allow":["GET"]}}],"collection":[{"href":"https:\/\/historicrooms.com\/de\/wp-json\/wp\/v2\/product"}],"about":[{"href":"https:\/\/historicrooms.com\/de\/wp-json\/wp\/v2\/types\/product"}],"replies":[{"embeddable":true,"href":"https:\/\/historicrooms.com\/de\/wp-json\/wp\/v2\/comments?post=1986"}],"wp:attachment":[{"href":"https:\/\/historicrooms.com\/de\/wp-json\/wp\/v2\/media?parent=1986"}],"wp:term":[{"taxonomy":"product_brand","embeddable":true,"href":"https:\/\/historicrooms.com\/de\/wp-json\/wp\/v2\/product_brand?post=1986"},{"taxonomy":"product_cat","embeddable":true,"href":"https:\/\/historicrooms.com\/de\/wp-json\/wp\/v2\/product_cat?post=1986"},{"taxonomy":"product_tag","embeddable":true,"href":"https:\/\/historicrooms.com\/de\/wp-json\/wp\/v2\/product_tag?post=1986"}],"curies":[{"name":"wp","href":"https:\/\/api.w.org\/{rel}","templated":true}]}}