{"id":19547,"date":"2022-06-07T10:17:53","date_gmt":"2022-06-07T09:17:53","guid":{"rendered":"https:\/\/sz.alpsware.dev\/product\/11-musikfestivao-aif-burg-feistritz\/"},"modified":"2022-06-07T10:17:53","modified_gmt":"2022-06-07T09:17:53","slug":"11-musikfestivao-aif-burg-feistritz","status":"publish","type":"product","link":"https:\/\/historicrooms.com\/de\/produkt\/11-musikfestivao-aif-burg-feistritz\/","title":{"rendered":"11. Musikfestival auf BURG FEISTRITZ"},"content":{"rendered":"<h2><strong>Sommerlicher Musikgenuss auf h\u00f6chstem Niveau. harriet&amp;friends auf Burg Feistritz<\/strong><\/h2>\n<p><strong>Das Kammermusikfestival harriet&amp;friends rund um die Cellistin und k\u00fcnstlerische Leiterin Harriet Krijgh l\u00e4dt auch in diesem Sommer wieder in die Burg Feistritz! Vom 29. 6. bis 2. 7. 22 finden vier Abendkonzerte und eine Matinee in der Alten Reitschule der Burg statt.<span class=\"Apple-converted-space\">&nbsp;<\/span><\/strong><\/p>\n<p>Zum mittlerweile elften Mal versammelt die Cellistin und k\u00fcnstlerische Leiterin Harriet Krijgh treue Wegbegleiter*innen um sich, um auf der Burg Feistritz gemeinsam zu musizieren. Mit dabei die besten Musiker*innen ihrer Zunft, wie die Violinistin Baiba Skride, oder der Klarinettist Daniel Ottensamer. In sommerlich-festlicher Atmosph\u00e4re pr\u00e4sentieren sie ein erlesenes Kammermusikprogramm. Mit der \u201eFestliche Er\u00f6ffnung\u201c beginnt das Festival am Mittwoch, den 29. Juni um 19.00 Uhr. Mit den unbeschwerten Kl\u00e4ngen von Schuberts \u201eForellenquintett\u201c wird das Publikum auf der Burg willkommen gehei\u00dfen. Die wunderbare Kulisse, die herrliche Natur am Wechsel und die Musik bilden eine Symbiose, die zum Verweilen einladen. Ebenfalls am Programm des ersten Konzertes steht Brahms\u00b4 Klarinettenquintett in h-Moll. Beim zweiten Abendkonzert am Donnerstag, den 30. Juni geben sich die Meister der Kammermusik die Klinke in die Hand \u2013 Mozart, Brahms und Tschaikowsky. Neben zwei Klaviertrios erklingt Mozarts Hornquintett in Es-Dur. Bei den ersten beiden Konzerten werden die Bl\u00e4serparts von zwei Solo-Bl\u00e4ser der Wiener Philharmoniker, dem Klarinettisten Daniel Ottensamer und dem Hornist Josef Reif, \u00fcbernommen.<\/p>\n<h3>Gro\u00dfe Meister \u2013 Gro\u00dfe Werke<\/h3>\n<p class=\"translation-block\">Der Name des dritten Konzerts am Freitag, 1. Juli, ist Programm. Nach der Urauff\u00fchrung seines Septetts soll Beethoven, in Hinblick auf seinen Lehrer Haydn gerufen haben: \u201eDas ist meine Sch\u00f6pfung\u201c. Ein Werk, das sich weder in Form noch Bedeutung vor dem gro\u00dfen Beethoven verstecken muss, ist Dvo\u0159\u00e1ks Klavierquartett in Es-Dur. Es enth\u00e4lt ungew\u00f6hnliche Klangbilder, in denen der Klavier- mit dem Streicherklang vollendet verschmilzt. Das Grande Finale am Samstag, den 2. Juli l\u00e4utet eine Matinee um 11.00 Uhr ein, die ganz im Zeichen Brahms steht. Nach den \u00fcppigen kammermusikalischen Kl\u00e4ngen des Vortages stehen am Samstag Vormittag immer nur zwei K\u00fcnstler*innen gleichzeitig auf der B\u00fchne der Alten Reitschule. Den Abschluss des Festivals bildet das Abendkonzert am Samstag mit Franck und Schubert. Francks monumentales Klavierquintett in f-Moll steht im Zeichen eines Aufbruches der franz\u00f6sischen Musik zu neuen Ufern. Es wurde 1880 uraufgef\u00fchrt und markiert mit schwebender Harmonik den Beginn des musikalischen Impressionismus.<span class=\"Apple-converted-space\">&nbsp; <\/span>Dem gegen\u00fcber steht ein Werk, dass die Romantik bereits am Horizont erkennen l\u00e4sst. Schuberts Streichquartett in G-Dur, z\u00e4hlt zu seinem Sp\u00e4twerk und zeigt eine innerliche Auseinandersetzung mit Leben und Sterben, Mensch und Gott. Alles in allem ein Kammermusik-Feuerwerk, bei dem keine W\u00fcnsche offenbleiben.<\/p>\n<h3>Karten nur im Vorverkauf erh\u00e4ltlich \u00fcber <a href=\"mailto:info@burgfeistritz.com\">info@burgfeistritz.com<\/a><\/h3>\n<p><a href=\"http:\/\/www.harrietandfriends.at\">www.harrietandfriends.at<\/a><\/p>\n<p>Pressekontakt:<\/p>\n<p>Rudolf Aigm\u00fcller<\/p>\n<p>Organisation und Kommunikation<br \/>\nFestival &#8220;harriet&amp;friends&#8221;<\/p>\n<p><a href=\"mailto:aigmueller@harrietandfriends.at\">aigmueller@harrietandfriends.at<\/a><\/p>\n<p>+43&nbsp;677&nbsp;611&nbsp;529 28<\/p>","protected":false},"excerpt":{"rendered":"<p>Sommerlicher Musikgenuss auf h\u00f6chstem Niveau. harriet&amp;friends auf Burg Feistritz Das Kammermusikfestival harriet&amp;friends rund um die Cellistin und k\u00fcnstlerische Leiterin Harriet Krijgh l\u00e4dt auch in diesem Sommer wieder in die Burg Feistritz! Vom 29. 6. bis 2. 7. 22 finden vier Abendkonzerte und eine Matinee in der Alten Reitschule der Burg statt.&nbsp; Zum mittlerweile elften Mal [&hellip;]<\/p>\n","protected":false},"featured_media":0,"comment_status":"open","ping_status":"closed","template":"","meta":[],"product_brand":[],"product_cat":[],"product_tag":[],"class_list":{"0":"post-19547","1":"product","2":"type-product","3":"status-publish","6":"first","7":"instock","8":"taxable","9":"shipping-taxable","10":"product-type-simple"},"_links":{"self":[{"href":"https:\/\/historicrooms.com\/de\/wp-json\/wp\/v2\/product\/19547","targetHints":{"allow":["GET"]}}],"collection":[{"href":"https:\/\/historicrooms.com\/de\/wp-json\/wp\/v2\/product"}],"about":[{"href":"https:\/\/historicrooms.com\/de\/wp-json\/wp\/v2\/types\/product"}],"replies":[{"embeddable":true,"href":"https:\/\/historicrooms.com\/de\/wp-json\/wp\/v2\/comments?post=19547"}],"wp:attachment":[{"href":"https:\/\/historicrooms.com\/de\/wp-json\/wp\/v2\/media?parent=19547"}],"wp:term":[{"taxonomy":"product_brand","embeddable":true,"href":"https:\/\/historicrooms.com\/de\/wp-json\/wp\/v2\/product_brand?post=19547"},{"taxonomy":"product_cat","embeddable":true,"href":"https:\/\/historicrooms.com\/de\/wp-json\/wp\/v2\/product_cat?post=19547"},{"taxonomy":"product_tag","embeddable":true,"href":"https:\/\/historicrooms.com\/de\/wp-json\/wp\/v2\/product_tag?post=19547"}],"curies":[{"name":"wp","href":"https:\/\/api.w.org\/{rel}","templated":true}]}}