{"id":12122,"date":"2022-03-31T14:22:29","date_gmt":"2022-03-31T13:22:29","guid":{"rendered":"https:\/\/sz.alpsware.dev\/product\/burg-feistritz\/"},"modified":"2022-03-31T14:22:29","modified_gmt":"2022-03-31T13:22:29","slug":"burg-feistritz","status":"publish","type":"product","link":"https:\/\/historicrooms.com\/de\/produkt\/burg-feistritz\/","title":{"rendered":"Burg Feistritz"},"content":{"rendered":"<h2><strong>Burg Feistritz \u2013 ein Refugium f\u00fcr geschlossene Gruppen<\/strong><\/h2>\n<h4 class=\"western\"><span style=\"font-family: Avenir Light, sans-serif\">Arkadenhof, Rittersaal und Burgkapelle<\/span><\/h4>\n<p class=\"western\"><span style=\"font-family: Avenir Light, sans-serif\"><span style=\"color: #000000\">Nur 80 km s\u00fcdlich von Wien liegt Burg Feistritz eingebettet in die gr\u00fcnen H\u00fcgel des Wechsellandes. Als privater Familiensitz \u00f6ffnet sie die Tore f\u00fcr gr\u00f6\u00dfere geschlossene Gruppen, die ein kultiviertes und historisches Ambiente f\u00fcr gemeinsame Arbeit oder Erlebnisse suchen.<\/span><\/span><\/p>\n<p class=\"western\"><span style=\"font-family: Avenir Light, sans-serif\"><span style=\"color: #000000\">Jahrhunderte der Entwicklung, behutsame Umbauten und kultureller Reichtum haben die urspr\u00fcnglich mittelalterliche Festung in ein einladendes und stattliches Schloss verwandelt.<\/span><\/span><\/p>\n<p class=\"western\"><span style=\"font-family: Avenir Light, sans-serif\">Bezaubernde historische R\u00e4umlichkeiten und eine Vielfalt von sch\u00f6nen und komfortablen G\u00e4stezimmern laden zum kreativen Zusammensein, zu Gedankenaustausch und zu gemeinsamen Schaffen ein. <\/span><\/p>\n<p class=\"western\"><span style=\"font-family: Avenir Light, sans-serif\"><span style=\"color: #000000\">Die alten Steintreppen des mit Arkaden geschm\u00fcckten Innenhofes f\u00fchren zu dem Rittersaal mit B\u00f6sendorfer Fl\u00fcgel, zur Burgkapelle, zu Terrassen, Ateliers und Seminarr\u00e4umen, sowie zu den komfortablen und individuellen G\u00e4stezimmern der Burg.<\/span><\/span><\/p>\n<h3><strong>Schlosszimmer & Kavalierh\u00e4user<\/strong><\/h3>\n<p class=\"western\"><span style=\"font-family: Avenir Light, sans-serif\"><span style=\"color: #000000\"><span style=\"font-size: medium\">\u00dcbernachtungen auf Burg Feistritz sind f\u00fcr Gruppen bis zu 60 Personen in komfortablen Einzel- und Doppelzimmern m\u00f6glich. Die Zimmer verteilen sich \u00fcber die alte Burg und die zwei Kavaliersh\u00e4user, die viel Privatsph\u00e4re f\u00fcr kleine Seminare oder f\u00fcr Zusammenk\u00fcnfte von Freunden und gro\u00dfen Familien bieten. Diese H\u00e4user verf\u00fcgen \u00fcber ger\u00e4umige Wohn- und\/oder Arbeitsbereiche, gut ausger\u00fcstete K\u00fcchen, sowie \u00fcber private Terrassen mit freier Aussicht \u00fcber die Ortschaft Feistritz am Wechsel.<\/span><\/span><\/span><\/p>\n<p class=\"western\"><span style=\"font-family: Avenir Light, sans-serif\">14 komfortable Doppelzimmer (7 Doppelzimmer pro Haus).<\/span><\/p>\n<h3 class=\"translation-block\"><strong>Schlosspark <em>&amp; <\/em>Garten<\/strong><\/h3>\n<p class=\"western\"><span style=\"font-family: Avenir Light, sans-serif\"><span style=\"color: #000000\">Burg Feistritz und die Kavaliersh\u00e4user sind umgeben von einer bezaubernden historischen Parkanlage, die im fr\u00fchen 19 Jahrhundert im Stil des romantischen englischen Landschaftsgartens angelegt wurde. Mit den alten B\u00e4umen, offenen gr\u00fcnen Fl\u00e4chen, Teichen, Skulpturen und verschiedenen Elementen romantischer Gartenarchitektur, f\u00fcgt sich der Park harmonisch in die umliegenden gr\u00fcnen H\u00fcgel ein.<\/span><\/span><\/p>\n<h3><strong>Alte Reitschule<\/strong><\/h3>\n<p>Die Alte Reitschule mit ihrer rustikalen Balkenstruktur wurde im fr\u00fchen 19 Jahrhundert auf dem ehemaligen Turnierplatz errichtet. Sie bietet einen sehr gro\u00dfen und stimmungsvollen Raum f\u00fcr Feste, Workshops, Ausstellungen und Konzerte. Ausgestattet mit einer gro\u00dfen B\u00fchne und Catering Fazilit\u00e4ten, ist die Alte Reitschule auch Ausf\u00fchrungsort des j\u00e4hrlichen Sommer Musik Festivals.<\/p>\n<p>\u00a0<\/p>\n<p><strong>Entfernungen:<\/strong><\/p>\n<p>Bus: Feistritz am Wechsel, 0,5km<\/p>\n<p>Bahnhof: Edlitz-Grimmenstein 9km, Aspang Markt, 9km<\/p>\n<p>Flughafen: Wien Schwechat, 95km<\/p>\n<p>Restaurant: Feistritz am Wechsel, 0,5km<\/p>\n<p>Einkaufsm\u00f6glichkeiten\/Gesch\u00e4ft: Aspang Markt, 9km, Kirchberg am Wechsel, 6km<\/p>\n<p>N\u00e4chster Ort: Feistritz am Wechsel, 0,5km<\/p>","protected":false},"excerpt":{"rendered":"<p>Burg Feistritz \u2013 ein Refugium f\u00fcr geschlossene Gruppen Arkadenhof, Rittersaal und Burgkapelle Nur 80 km s\u00fcdlich von Wien liegt Burg Feistritz eingebettet in die gr\u00fcnen H\u00fcgel des Wechsellandes. Als privater Familiensitz \u00f6ffnet sie die Tore f\u00fcr gr\u00f6\u00dfere geschlossene Gruppen, die ein kultiviertes und historisches Ambiente f\u00fcr gemeinsame Arbeit oder Erlebnisse suchen. Jahrhunderte der Entwicklung, behutsame [&hellip;]<\/p>\n","protected":false},"featured_media":0,"comment_status":"open","ping_status":"closed","template":"","meta":[],"product_brand":[],"product_cat":[22],"product_tag":[],"class_list":{"0":"post-12122","1":"product","2":"type-product","3":"status-publish","5":"product_cat-listeo-booking","7":"first","8":"instock","9":"virtual","10":"sold-individually","11":"taxable","12":"purchasable","13":"product-type-listing_booking"},"_links":{"self":[{"href":"https:\/\/historicrooms.com\/de\/wp-json\/wp\/v2\/product\/12122","targetHints":{"allow":["GET"]}}],"collection":[{"href":"https:\/\/historicrooms.com\/de\/wp-json\/wp\/v2\/product"}],"about":[{"href":"https:\/\/historicrooms.com\/de\/wp-json\/wp\/v2\/types\/product"}],"replies":[{"embeddable":true,"href":"https:\/\/historicrooms.com\/de\/wp-json\/wp\/v2\/comments?post=12122"}],"wp:attachment":[{"href":"https:\/\/historicrooms.com\/de\/wp-json\/wp\/v2\/media?parent=12122"}],"wp:term":[{"taxonomy":"product_brand","embeddable":true,"href":"https:\/\/historicrooms.com\/de\/wp-json\/wp\/v2\/product_brand?post=12122"},{"taxonomy":"product_cat","embeddable":true,"href":"https:\/\/historicrooms.com\/de\/wp-json\/wp\/v2\/product_cat?post=12122"},{"taxonomy":"product_tag","embeddable":true,"href":"https:\/\/historicrooms.com\/de\/wp-json\/wp\/v2\/product_tag?post=12122"}],"curies":[{"name":"wp","href":"https:\/\/api.w.org\/{rel}","templated":true}]}}